{"id":7550,"date":"2018-11-27T23:35:39","date_gmt":"2018-11-27T22:35:39","guid":{"rendered":"https:\/\/radolfzell-musikschule.de\/offre-de-cours\/"},"modified":"2025-11-10T14:22:49","modified_gmt":"2025-11-10T13:22:49","slug":"offre-de-cours","status":"publish","type":"page","link":"https:\/\/radolfzell-musikschule.de\/fr\/offre-de-cours\/","title":{"rendered":"Offre de cours"},"content":{"rendered":"<h2><strong>Mati\u00e8res \u00e9l\u00e9mentaires<br \/>\n<\/strong><\/h2>\n<h4>Groupes parents-enfants<\/h4>\n<p>(18 mois &#8211; 4 ans)<\/p>\n<h4>EMP &#8211; Pratique musicale \u00e9l\u00e9mentaire (EMP)<\/h4>\n<p>(4 &#8211; 6 ans)<\/p>\n<h4>D\u00e9couverte de la musique<\/h4>\n<p>(\u00e0 partir de 6 ans)<\/p>\n<h4>Carrousel d&rsquo;instruments (INKA)<\/h4>\n<p>(\u00e0 partir de 6 ans)<\/p>\n<h2><strong>Cours instrumentaux et vocaux<\/strong><\/h2>\n<p><strong>Bois :<br \/>\n<\/strong>Fl\u00fbte \u00e0 bec \/ Fl\u00fbte traversi\u00e8re \/ Hautbois \/ Clarinette \/ Saxophone \/ Basson<\/p>\n<p><strong>Instruments \u00e0 cordes :<\/strong><br \/>\nViolon (violon) \/ Alto (alto) \/ Violoncelle \/ Contrebasse<\/p>\n<p><strong>Cuivres :<\/strong><br \/>\nTrompette \/ Cor fran\u00e7ais \/ Trombone \/ Euphonium \/ Cor t\u00e9nor \/ Tuba<\/p>\n<p><strong>Instruments \u00e0 cordes pinc\u00e9es :<\/strong><br \/>\nGuitare \/ Guitare \u00e9lectrique \/ Basse \u00e9lectrique \/ Harpe<\/p>\n<p><strong>Instruments \u00e0 clavier :<\/strong><br \/>\nPiano \/ Clavier<\/p>\n<p><strong>Instruments de percussion \/ Percussion :<\/strong><br \/>\nBatterie \/ Xylophone \/ Glockenspiel \/ Marimba<\/p>\n<p><strong>Cours de chant<\/strong><br \/>\nChant<\/p>\n<h2><strong>Orchestres \/ Ensembles<\/strong><\/h2>\n<ul>\n<li>KidsBO Orchestre d&rsquo;Harmonie<\/li>\n<li>JBO Orchestre \u00e0 vent des jeunes<\/li>\n<li>CordesMinis<\/li>\n<li>Pr\u00e9-orchestre \u00e0 cordes \u00ab\u00a0Wirbelwind<\/li>\n<li>Orchestre <strong> de<\/strong> chambre<\/li>\n<li>Ch\u0153ur d&rsquo;enfants<\/li>\n<li>Ch\u0153ur pop<\/li>\n<li>Combo de jazz<\/li>\n<li>Consortium (formation mixte pour adultes)<\/li>\n<li>Ensemble de fl\u00fbtes \u00e0 bec<\/li>\n<li>Ensemble de guitares<\/li>\n<li>Ensemble de clarinettes<\/li>\n<li>Ensemble de saxophones<\/li>\n<li>Ensemble de percussions<\/li>\n<\/ul>\n<hr>\n<h2>Contact<\/h2>\n<div class=\"wpcf7 no-js\" id=\"wpcf7-f7567-o1\" lang=\"fr-FR\" dir=\"ltr\" data-wpcf7-id=\"7567\">\n<div class=\"screen-reader-response\">\n<p role=\"status\" aria-live=\"polite\" aria-atomic=\"true\">\n<ul><\/ul>\n<\/div>\n<form action=\"\/fr\/wp-json\/wp\/v2\/pages\/7550#wpcf7-f7567-o1\" method=\"post\" class=\"wpcf7-form init\" aria-label=\"Formulaire de contact\" novalidate=\"novalidate\" data-status=\"init\">\n<fieldset class=\"hidden-fields-container\"><input type=\"hidden\" name=\"_wpcf7\" value=\"7567\" \/><input type=\"hidden\" name=\"_wpcf7_version\" value=\"6.1.4\" \/><input type=\"hidden\" name=\"_wpcf7_locale\" value=\"fr_FR\" \/><input type=\"hidden\" name=\"_wpcf7_unit_tag\" value=\"wpcf7-f7567-o1\" \/><input type=\"hidden\" name=\"_wpcf7_container_post\" value=\"0\" \/><input type=\"hidden\" name=\"_wpcf7_posted_data_hash\" value=\"\" \/><br \/>\n<\/fieldset>\n<p><label> Sujet (obligatoire)<br \/>\n<span class=\"wpcf7-form-control-wrap\" data-name=\"Betreff\"><select class=\"wpcf7-form-control wpcf7-select wpcf7-validates-as-required\" aria-required=\"true\" aria-invalid=\"false\" name=\"Betreff\"><option value=\"Excusez-moi\">Excusez-moi<\/option><option value=\"Demande de contact\">Demande de contact<\/option><option value=\"Demande\">Demande<\/option><\/select><\/span> <\/label>\n<\/p>\n<p><label> Votre nom (obligatoire)<br \/>\n<span class=\"wpcf7-form-control-wrap\" data-name=\"your-name\"><input size=\"40\" maxlength=\"400\" class=\"wpcf7-form-control wpcf7-text wpcf7-validates-as-required\" aria-required=\"true\" aria-invalid=\"false\" value=\"\" type=\"text\" name=\"your-name\" \/><\/span> <\/label>\n<\/p>\n<p><label> Votre adresse e-mail (obligatoire)<br \/>\n<span class=\"wpcf7-form-control-wrap\" data-name=\"your-email\"><input size=\"40\" maxlength=\"400\" class=\"wpcf7-form-control wpcf7-email wpcf7-validates-as-required wpcf7-text wpcf7-validates-as-email\" aria-required=\"true\" aria-invalid=\"false\" value=\"\" type=\"email\" name=\"your-email\" \/><\/span> <\/label>\n<\/p>\n<p><label> Votre message<br \/>\n<span class=\"wpcf7-form-control-wrap\" data-name=\"your-message\"><textarea cols=\"40\" rows=\"10\" maxlength=\"2000\" class=\"wpcf7-form-control wpcf7-textarea\" aria-invalid=\"false\" name=\"your-message\"><\/textarea><\/span> <\/label>\n<\/p>\n<p><input class=\"wpcf7-form-control wpcf7-submit has-spinner\" type=\"submit\" value=\"Envoyer\" \/>\n<\/p>\n<div class=\"wpcf7-response-output\" aria-hidden=\"true\"><\/div>\n<\/form>\n<\/div>\n","protected":false},"excerpt":{"rendered":"<p>Mati\u00e8res \u00e9l\u00e9mentaires Groupes parents-enfants (18 mois &#8211; 4 ans) EMP &#8211; Pratique musicale \u00e9l\u00e9mentaire (EMP) (4 &#8211; 6 ans) D\u00e9couverte [&hellip;]<\/p>\n","protected":false},"author":1,"featured_media":0,"parent":0,"menu_order":0,"comment_status":"closed","ping_status":"closed","template":"page-layout1.php","meta":{"_price":"","_stock":"","_tribe_ticket_header":"","_tribe_default_ticket_provider":"","_ticket_start_date":"","_ticket_end_date":"","_tribe_ticket_show_description":"","_tribe_ticket_show_not_going":false,"_tribe_ticket_use_global_stock":"","_tribe_ticket_global_stock_level":"","_global_stock_mode":"","_global_stock_cap":"","_tribe_rsvp_for_event":"","_tribe_ticket_going_count":"","_tribe_ticket_not_going_count":"","_tribe_tickets_list":"[]","_tribe_ticket_has_attendee_info_fields":false,"footnotes":""},"class_list":["post-7550","page","type-page","status-publish","hentry"],"yoast_head":"<!-- This site is optimized with the Yoast SEO plugin v26.7 - https:\/\/yoast.com\/wordpress\/plugins\/seo\/ -->\n<title>Offre de cours | Musikschule Radolfzell<\/title>\n<meta name=\"robots\" content=\"index, follow, max-snippet:-1, max-image-preview:large, max-video-preview:-1\" \/>\n<link rel=\"canonical\" href=\"https:\/\/radolfzell-musikschule.de\/fr\/offre-de-cours\/\" \/>\n<meta property=\"og:locale\" content=\"fr_FR\" \/>\n<meta property=\"og:type\" content=\"article\" \/>\n<meta property=\"og:title\" content=\"Offre de cours | Musikschule Radolfzell\" \/>\n<meta property=\"og:description\" content=\"Mati\u00e8res \u00e9l\u00e9mentaires Groupes parents-enfants (18 mois &#8211; 4 ans) EMP &#8211; Pratique musicale \u00e9l\u00e9mentaire (EMP) (4 &#8211; 6 ans) D\u00e9couverte [&hellip;]\" \/>\n<meta property=\"og:url\" content=\"https:\/\/radolfzell-musikschule.de\/fr\/offre-de-cours\/\" \/>\n<meta property=\"og:site_name\" content=\"Musikschule\" \/>\n<meta property=\"article:modified_time\" content=\"2025-11-10T13:22:49+00:00\" \/>\n<meta name=\"twitter:card\" content=\"summary_large_image\" \/>\n<meta name=\"twitter:label1\" content=\"Dur\u00e9e de lecture estim\u00e9e\" \/>\n\t<meta name=\"twitter:data1\" content=\"1 minute\" \/>\n<script type=\"application\/ld+json\" class=\"yoast-schema-graph\">{\"@context\":\"https:\/\/schema.org\",\"@graph\":[{\"@type\":\"WebPage\",\"@id\":\"https:\/\/radolfzell-musikschule.de\/fr\/offre-de-cours\/\",\"url\":\"https:\/\/radolfzell-musikschule.de\/fr\/offre-de-cours\/\",\"name\":\"Offre de cours | Musikschule Radolfzell\",\"isPartOf\":{\"@id\":\"https:\/\/radolfzell-musikschule.de\/fr\/#website\"},\"datePublished\":\"2018-11-27T22:35:39+00:00\",\"dateModified\":\"2025-11-10T13:22:49+00:00\",\"breadcrumb\":{\"@id\":\"https:\/\/radolfzell-musikschule.de\/fr\/offre-de-cours\/#breadcrumb\"},\"inLanguage\":\"fr-FR\",\"potentialAction\":[{\"@type\":\"ReadAction\",\"target\":[\"https:\/\/radolfzell-musikschule.de\/fr\/offre-de-cours\/\"]}]},{\"@type\":\"BreadcrumbList\",\"@id\":\"https:\/\/radolfzell-musikschule.de\/fr\/offre-de-cours\/#breadcrumb\",\"itemListElement\":[{\"@type\":\"ListItem\",\"position\":1,\"name\":\"Startseite\",\"item\":\"https:\/\/radolfzell-musikschule.de\/fr\/page-daccueil\/\"},{\"@type\":\"ListItem\",\"position\":2,\"name\":\"Offre de cours\"}]},{\"@type\":\"WebSite\",\"@id\":\"https:\/\/radolfzell-musikschule.de\/fr\/#website\",\"url\":\"https:\/\/radolfzell-musikschule.de\/fr\/\",\"name\":\"Musikschule\",\"description\":\"\",\"potentialAction\":[{\"@type\":\"SearchAction\",\"target\":{\"@type\":\"EntryPoint\",\"urlTemplate\":\"https:\/\/radolfzell-musikschule.de\/fr\/?s={search_term_string}\"},\"query-input\":{\"@type\":\"PropertyValueSpecification\",\"valueRequired\":true,\"valueName\":\"search_term_string\"}}],\"inLanguage\":\"fr-FR\"}]}<\/script>\n<!-- \/ Yoast SEO plugin. -->","yoast_head_json":{"title":"Offre de cours | Musikschule Radolfzell","robots":{"index":"index","follow":"follow","max-snippet":"max-snippet:-1","max-image-preview":"max-image-preview:large","max-video-preview":"max-video-preview:-1"},"canonical":"https:\/\/radolfzell-musikschule.de\/fr\/offre-de-cours\/","og_locale":"fr_FR","og_type":"article","og_title":"Offre de cours | Musikschule Radolfzell","og_description":"Mati\u00e8res \u00e9l\u00e9mentaires Groupes parents-enfants (18 mois &#8211; 4 ans) EMP &#8211; Pratique musicale \u00e9l\u00e9mentaire (EMP) (4 &#8211; 6 ans) D\u00e9couverte [&hellip;]","og_url":"https:\/\/radolfzell-musikschule.de\/fr\/offre-de-cours\/","og_site_name":"Musikschule","article_modified_time":"2025-11-10T13:22:49+00:00","twitter_card":"summary_large_image","twitter_misc":{"Dur\u00e9e de lecture estim\u00e9e":"1 minute"},"schema":{"@context":"https:\/\/schema.org","@graph":[{"@type":"WebPage","@id":"https:\/\/radolfzell-musikschule.de\/fr\/offre-de-cours\/","url":"https:\/\/radolfzell-musikschule.de\/fr\/offre-de-cours\/","name":"Offre de cours | Musikschule Radolfzell","isPartOf":{"@id":"https:\/\/radolfzell-musikschule.de\/fr\/#website"},"datePublished":"2018-11-27T22:35:39+00:00","dateModified":"2025-11-10T13:22:49+00:00","breadcrumb":{"@id":"https:\/\/radolfzell-musikschule.de\/fr\/offre-de-cours\/#breadcrumb"},"inLanguage":"fr-FR","potentialAction":[{"@type":"ReadAction","target":["https:\/\/radolfzell-musikschule.de\/fr\/offre-de-cours\/"]}]},{"@type":"BreadcrumbList","@id":"https:\/\/radolfzell-musikschule.de\/fr\/offre-de-cours\/#breadcrumb","itemListElement":[{"@type":"ListItem","position":1,"name":"Startseite","item":"https:\/\/radolfzell-musikschule.de\/fr\/page-daccueil\/"},{"@type":"ListItem","position":2,"name":"Offre de cours"}]},{"@type":"WebSite","@id":"https:\/\/radolfzell-musikschule.de\/fr\/#website","url":"https:\/\/radolfzell-musikschule.de\/fr\/","name":"Musikschule","description":"","potentialAction":[{"@type":"SearchAction","target":{"@type":"EntryPoint","urlTemplate":"https:\/\/radolfzell-musikschule.de\/fr\/?s={search_term_string}"},"query-input":{"@type":"PropertyValueSpecification","valueRequired":true,"valueName":"search_term_string"}}],"inLanguage":"fr-FR"}]}},"_links":{"self":[{"href":"https:\/\/radolfzell-musikschule.de\/fr\/wp-json\/wp\/v2\/pages\/7550","targetHints":{"allow":["GET"]}}],"collection":[{"href":"https:\/\/radolfzell-musikschule.de\/fr\/wp-json\/wp\/v2\/pages"}],"about":[{"href":"https:\/\/radolfzell-musikschule.de\/fr\/wp-json\/wp\/v2\/types\/page"}],"author":[{"embeddable":true,"href":"https:\/\/radolfzell-musikschule.de\/fr\/wp-json\/wp\/v2\/users\/1"}],"replies":[{"embeddable":true,"href":"https:\/\/radolfzell-musikschule.de\/fr\/wp-json\/wp\/v2\/comments?post=7550"}],"version-history":[{"count":8,"href":"https:\/\/radolfzell-musikschule.de\/fr\/wp-json\/wp\/v2\/pages\/7550\/revisions"}],"predecessor-version":[{"id":36385,"href":"https:\/\/radolfzell-musikschule.de\/fr\/wp-json\/wp\/v2\/pages\/7550\/revisions\/36385"}],"wp:attachment":[{"href":"https:\/\/radolfzell-musikschule.de\/fr\/wp-json\/wp\/v2\/media?parent=7550"}],"curies":[{"name":"wp","href":"https:\/\/api.w.org\/{rel}","templated":true}]}}