{"id":7579,"date":"2018-12-10T23:10:47","date_gmt":"2018-12-10T22:10:47","guid":{"rendered":"https:\/\/radolfzell-musikschule.de\/page-daccueil\/"},"modified":"2026-03-13T14:00:56","modified_gmt":"2026-03-13T13:00:56","slug":"page-daccueil","status":"publish","type":"page","link":"https:\/\/radolfzell-musikschule.de\/fr\/","title":{"rendered":"Page d&rsquo;accueil"},"content":{"rendered":"<p><strong>  En tant que membre de l&rsquo;association des \u00e9coles de musique allemandes (VdM), l&rsquo;\u00e9cole de musique de Radolfzell r\u00e9pond aux exigences de qualit\u00e9 les plus \u00e9lev\u00e9es. Elle s&rsquo;est donn\u00e9 pour mission d&rsquo;initier les enfants, les jeunes et les adultes \u00e0 la musique et d&rsquo;\u00e9veiller et d&rsquo;encourager les talents musicaux dans le cadre d&rsquo;offres allant du cours pr\u00e9scolaire \u00e0 la master class internationale. L&rsquo;\u00e9cole de musique est subventionn\u00e9e par le Land de Bade-Wurtemberg en tant qu&rsquo;\u00e9tablissement d&rsquo;enseignement extrascolaire reconnu et fait partie int\u00e9grante du projet \u00ab\u00a0Radolfzell, ville de la musique\u00a0\u00bb.  <\/strong><\/p>\n<p><img loading=\"lazy\" decoding=\"async\" class=\"wp-image-34 alignnone\" src=\"https:\/\/radolfzell-musikschule.de\/wp-content\/uploads\/sites\/3\/2019\/06\/VDM-logo-250x44.png\" alt=\"\" width=\"200\" height=\"35\"><\/p>\n<hr>\n<div class=\"wp-block-image\"><img loading=\"lazy\" decoding=\"async\" class=\"wpa-warning wpa-suspicious-alt alignnone wp-image-36763\" src=\"https:\/\/radolfzell-musikschule.de\/wp-content\/uploads\/sites\/3\/2026\/01\/Jumu-RW_BaWue_Landkreis-Konstanz-1024x352.png\" alt=\"Logo Jugend musiziert Landkreis Konstanz : concours r\u00e9gional pour jeunes musiciens, logo rouge avec cercle et lignes.\" width=\"367\" height=\"126\" data-warning=\"Suspicious alt text\" srcset=\"https:\/\/radolfzell-musikschule.de\/wp-content\/uploads\/sites\/3\/2026\/01\/Jumu-RW_BaWue_Landkreis-Konstanz-1024x352.png 1024w, https:\/\/radolfzell-musikschule.de\/wp-content\/uploads\/sites\/3\/2026\/01\/Jumu-RW_BaWue_Landkreis-Konstanz-300x103.png 300w, https:\/\/radolfzell-musikschule.de\/wp-content\/uploads\/sites\/3\/2026\/01\/Jumu-RW_BaWue_Landkreis-Konstanz-768x264.png 768w, https:\/\/radolfzell-musikschule.de\/wp-content\/uploads\/sites\/3\/2026\/01\/Jumu-RW_BaWue_Landkreis-Konstanz-1536x528.png 1536w, https:\/\/radolfzell-musikschule.de\/wp-content\/uploads\/sites\/3\/2026\/01\/Jumu-RW_BaWue_Landkreis-Konstanz.png 1890w\" sizes=\"auto, (max-width: 367px) 100vw, 367px\" \/><\/div>\n<h4>Vous trouverez tous les r\u00e9sultats du concours r\u00e9gional <a href=\"https:\/\/www.jugend-musiziert.org\/wettbewerbe\/regionalwettbewerbe\/baden-wuerttemberg\/landkreis-konstanz\/ergebnisse\" target=\"_blank\" rel=\"noopener\"><strong><span style=\"color: #c02129\">\u2192ici<\/span><\/strong><\/a><\/h4>\n<hr>\n<h3>Les laur\u00e9ats de Radolfzell lors du concert des laur\u00e9ats le 01.03.2026 :<\/h3>\n<div class=\"wp-block-image\"><img loading=\"lazy\" decoding=\"async\" class=\"wpa-warning wpa-image-missing-alt alignnone wp-image-38003 size-large\" src=\"https:\/\/radolfzell-musikschule.de\/wp-content\/uploads\/sites\/3\/2026\/03\/IMG_0315-1024x683.jpg\" alt=\"\" width=\"1024\" height=\"683\" data-warning=\"Missing alt text\" srcset=\"https:\/\/radolfzell-musikschule.de\/wp-content\/uploads\/sites\/3\/2026\/03\/IMG_0315-1024x683.jpg 1024w, https:\/\/radolfzell-musikschule.de\/wp-content\/uploads\/sites\/3\/2026\/03\/IMG_0315-300x200.jpg 300w, https:\/\/radolfzell-musikschule.de\/wp-content\/uploads\/sites\/3\/2026\/03\/IMG_0315-768x512.jpg 768w, https:\/\/radolfzell-musikschule.de\/wp-content\/uploads\/sites\/3\/2026\/03\/IMG_0315-1536x1025.jpg 1536w, https:\/\/radolfzell-musikschule.de\/wp-content\/uploads\/sites\/3\/2026\/03\/IMG_0315-2048x1366.jpg 2048w\" sizes=\"auto, (max-width: 1024px) 100vw, 1024px\" \/><\/div>\n<div>Norbert Braun<\/div>\n<h3><\/h3>\n<h3>Laur\u00e9ats de l&rsquo;\u00c9cole de musique 2026<\/h3>\n<ul>\n<li><strong>Selma Callejas, Tamina Schoch <\/strong>(Ensemble \u00e0 vent AG Ib) : 24 p.<strong> | 1er prix<\/strong><\/li>\n<li><strong>Fritz Breimaier, Antonia Dayal, Noam Feat<\/strong> (ensemble \u00e0 cordes AG II) : 20 p. |<strong> 2e prix<\/strong><\/li>\n<li><strong>Maja Gehring, Annika Peglau, Clara Riegger<\/strong> (Ensemble \u00e0 vent AG II) : 20 p. | <strong>2e prix<\/strong><\/li>\n<li><strong>Johanna Buch, Frida Krause <\/strong>(ensemble \u00e0 vent AG II) : 22 p. | <strong>1er prix<\/strong><\/li>\n<li><strong>Sara Morales, Ricarda Schoch<\/strong> (ensemble \u00e0 cordes AG II) : 18 p. | <strong>2e prix<\/strong><\/li>\n<li><strong>Johanna Dayal<\/strong> (Harpe AG III) : 20 pts | <strong>2\u00e8me prix<\/strong><\/li>\n<li><strong>Eric Burkert, Ana Maria Carhoshi, Pia Metternich, Valeria Babenco, Oleksii, Kovalskyi, Polina Kupriienko, Serhij Kuprienko<\/strong> (ensemble mixte AG III) : 16 p. | <strong>3\u00e8me prix<\/strong><\/li>\n<li><strong>Matti Feat,<\/strong> <strong>Jakob Henseler <\/strong>(Ensemble \u00e0 vent AG IV) : 20 pts | <strong>2e prix<\/strong><\/li>\n<li><strong>Ina H\u00e4rtwig <\/strong>(piano AG V) : 21 p. | <strong>1er prix<\/strong><\/li>\n<\/ul>\n<p>Enseignants<strong>: <\/strong><strong>Christine Baumann, Ralf B\u00f6hm, Norbert Braun, Anne-Sophie Fenzi, Igor Revyakin, Anita Rimmele, Sofia Torgal, Frank Westphal, Petra Wolff<\/strong><\/p>\n<div class=\"wp-block-image\"><\/div>\n<h4><\/h4>\n<p>&nbsp;<\/p>\n<p>&nbsp;<\/p>\n<p>&nbsp;<\/p>\n<p>&nbsp;<\/p>\n<p>&nbsp;<\/p>\n<p>&nbsp;<\/p>\n<p><strong><span style=\"color: #808080\"><span style=\"color: #333333\">    <\/span><\/span><\/strong><\/p>\n<p>&nbsp;<\/p>\n<p>&nbsp;<\/p>\n<p>&nbsp;<\/p>\n<p>&nbsp;<\/p>\n<p>&nbsp;<\/p>\n","protected":false},"excerpt":{"rendered":"<p>En tant que membre de l&rsquo;association des \u00e9coles de musique allemandes (VdM), l&rsquo;\u00e9cole de musique de Radolfzell r\u00e9pond aux exigences [&hellip;]<\/p>\n","protected":false},"author":1,"featured_media":0,"parent":0,"menu_order":0,"comment_status":"closed","ping_status":"closed","template":"start-page.php","meta":{"_price":"","_stock":"","_tribe_ticket_header":"","_tribe_default_ticket_provider":"","_ticket_start_date":"","_ticket_end_date":"","_tribe_ticket_show_description":"","_tribe_ticket_show_not_going":false,"_tribe_ticket_use_global_stock":"","_tribe_ticket_global_stock_level":"","_global_stock_mode":"","_global_stock_cap":"","_tribe_rsvp_for_event":"","_tribe_ticket_going_count":"","_tribe_ticket_not_going_count":"","_tribe_tickets_list":"[]","_tribe_ticket_has_attendee_info_fields":false,"footnotes":""},"class_list":["post-7579","page","type-page","status-publish","hentry"],"yoast_head":"<!-- This site is optimized with the Yoast SEO plugin v26.7 - https:\/\/yoast.com\/wordpress\/plugins\/seo\/ -->\n<title>Page d&#039;accueil | Musikschule Radolfzell<\/title>\n<meta name=\"description\" content=\"Pr\u00e9sence officielle sur Internet de l&#039;\u00e9cole de musique municipale de Radolfzell. Toutes les informations sur les cours propos\u00e9s, les \u00e9v\u00e9nements, etc.\" \/>\n<meta name=\"robots\" content=\"index, follow, max-snippet:-1, max-image-preview:large, max-video-preview:-1\" \/>\n<link rel=\"canonical\" href=\"https:\/\/radolfzell-musikschule.de\/fr\/\" \/>\n<meta property=\"og:locale\" content=\"fr_FR\" \/>\n<meta property=\"og:type\" content=\"article\" \/>\n<meta property=\"og:title\" content=\"Page d&#039;accueil | Musikschule Radolfzell\" \/>\n<meta property=\"og:description\" content=\"Pr\u00e9sence officielle sur Internet de l&#039;\u00e9cole de musique municipale de Radolfzell. Toutes les informations sur les cours propos\u00e9s, les \u00e9v\u00e9nements, etc.\" \/>\n<meta property=\"og:url\" content=\"https:\/\/radolfzell-musikschule.de\/fr\/\" \/>\n<meta property=\"og:site_name\" content=\"Musikschule\" \/>\n<meta property=\"article:modified_time\" content=\"2026-03-13T13:00:56+00:00\" \/>\n<meta property=\"og:image\" content=\"https:\/\/radolfzell-musikschule.de\/wp-content\/uploads\/sites\/3\/2019\/06\/VDM-logo-e1572356306727.png\" \/>\n\t<meta property=\"og:image:width\" content=\"300\" \/>\n\t<meta property=\"og:image:height\" content=\"53\" \/>\n\t<meta property=\"og:image:type\" content=\"image\/png\" \/>\n<meta name=\"twitter:card\" content=\"summary_large_image\" \/>\n<meta name=\"twitter:label1\" content=\"Dur\u00e9e de lecture estim\u00e9e\" \/>\n\t<meta name=\"twitter:data1\" content=\"1 minute\" \/>\n<script type=\"application\/ld+json\" class=\"yoast-schema-graph\">{\"@context\":\"https:\/\/schema.org\",\"@graph\":[{\"@type\":\"WebPage\",\"@id\":\"https:\/\/radolfzell-musikschule.de\/fr\/\",\"url\":\"https:\/\/radolfzell-musikschule.de\/fr\/\",\"name\":\"Page d'accueil | Musikschule Radolfzell\",\"isPartOf\":{\"@id\":\"https:\/\/radolfzell-musikschule.de\/fr\/#website\"},\"primaryImageOfPage\":{\"@id\":\"https:\/\/radolfzell-musikschule.de\/fr\/#primaryimage\"},\"image\":{\"@id\":\"https:\/\/radolfzell-musikschule.de\/fr\/#primaryimage\"},\"thumbnailUrl\":\"https:\/\/radolfzell-musikschule.de\/wp-content\/uploads\/sites\/3\/2019\/06\/VDM-logo-250x44.png\",\"datePublished\":\"2018-12-10T22:10:47+00:00\",\"dateModified\":\"2026-03-13T13:00:56+00:00\",\"description\":\"Pr\u00e9sence officielle sur Internet de l'\u00e9cole de musique municipale de Radolfzell. Toutes les informations sur les cours propos\u00e9s, les \u00e9v\u00e9nements, etc.\",\"breadcrumb\":{\"@id\":\"https:\/\/radolfzell-musikschule.de\/fr\/#breadcrumb\"},\"inLanguage\":\"fr-FR\",\"potentialAction\":[{\"@type\":\"ReadAction\",\"target\":[\"https:\/\/radolfzell-musikschule.de\/fr\/\"]}]},{\"@type\":\"ImageObject\",\"inLanguage\":\"fr-FR\",\"@id\":\"https:\/\/radolfzell-musikschule.de\/fr\/#primaryimage\",\"url\":\"https:\/\/radolfzell-musikschule.de\/wp-content\/uploads\/sites\/3\/2019\/06\/VDM-logo-250x44.png\",\"contentUrl\":\"https:\/\/radolfzell-musikschule.de\/wp-content\/uploads\/sites\/3\/2019\/06\/VDM-logo-250x44.png\"},{\"@type\":\"BreadcrumbList\",\"@id\":\"https:\/\/radolfzell-musikschule.de\/fr\/#breadcrumb\",\"itemListElement\":[{\"@type\":\"ListItem\",\"position\":1,\"name\":\"Startseite\",\"item\":\"https:\/\/radolfzell-musikschule.de\/fr\/page-daccueil\/\"},{\"@type\":\"ListItem\",\"position\":2,\"name\":\"Page d&#8217;accueil\"}]},{\"@type\":\"WebSite\",\"@id\":\"https:\/\/radolfzell-musikschule.de\/fr\/#website\",\"url\":\"https:\/\/radolfzell-musikschule.de\/fr\/\",\"name\":\"Musikschule\",\"description\":\"\",\"potentialAction\":[{\"@type\":\"SearchAction\",\"target\":{\"@type\":\"EntryPoint\",\"urlTemplate\":\"https:\/\/radolfzell-musikschule.de\/fr\/?s={search_term_string}\"},\"query-input\":{\"@type\":\"PropertyValueSpecification\",\"valueRequired\":true,\"valueName\":\"search_term_string\"}}],\"inLanguage\":\"fr-FR\"}]}<\/script>\n<!-- \/ Yoast SEO plugin. -->","yoast_head_json":{"title":"Page d'accueil | Musikschule Radolfzell","description":"Pr\u00e9sence officielle sur Internet de l'\u00e9cole de musique municipale de Radolfzell. Toutes les informations sur les cours propos\u00e9s, les \u00e9v\u00e9nements, etc.","robots":{"index":"index","follow":"follow","max-snippet":"max-snippet:-1","max-image-preview":"max-image-preview:large","max-video-preview":"max-video-preview:-1"},"canonical":"https:\/\/radolfzell-musikschule.de\/fr\/","og_locale":"fr_FR","og_type":"article","og_title":"Page d'accueil | Musikschule Radolfzell","og_description":"Pr\u00e9sence officielle sur Internet de l'\u00e9cole de musique municipale de Radolfzell. Toutes les informations sur les cours propos\u00e9s, les \u00e9v\u00e9nements, etc.","og_url":"https:\/\/radolfzell-musikschule.de\/fr\/","og_site_name":"Musikschule","article_modified_time":"2026-03-13T13:00:56+00:00","og_image":[{"width":300,"height":53,"url":"https:\/\/radolfzell-musikschule.de\/wp-content\/uploads\/sites\/3\/2019\/06\/VDM-logo-e1572356306727.png","type":"image\/png"}],"twitter_card":"summary_large_image","twitter_misc":{"Dur\u00e9e de lecture estim\u00e9e":"1 minute"},"schema":{"@context":"https:\/\/schema.org","@graph":[{"@type":"WebPage","@id":"https:\/\/radolfzell-musikschule.de\/fr\/","url":"https:\/\/radolfzell-musikschule.de\/fr\/","name":"Page d'accueil | Musikschule Radolfzell","isPartOf":{"@id":"https:\/\/radolfzell-musikschule.de\/fr\/#website"},"primaryImageOfPage":{"@id":"https:\/\/radolfzell-musikschule.de\/fr\/#primaryimage"},"image":{"@id":"https:\/\/radolfzell-musikschule.de\/fr\/#primaryimage"},"thumbnailUrl":"https:\/\/radolfzell-musikschule.de\/wp-content\/uploads\/sites\/3\/2019\/06\/VDM-logo-250x44.png","datePublished":"2018-12-10T22:10:47+00:00","dateModified":"2026-03-13T13:00:56+00:00","description":"Pr\u00e9sence officielle sur Internet de l'\u00e9cole de musique municipale de Radolfzell. Toutes les informations sur les cours propos\u00e9s, les \u00e9v\u00e9nements, etc.","breadcrumb":{"@id":"https:\/\/radolfzell-musikschule.de\/fr\/#breadcrumb"},"inLanguage":"fr-FR","potentialAction":[{"@type":"ReadAction","target":["https:\/\/radolfzell-musikschule.de\/fr\/"]}]},{"@type":"ImageObject","inLanguage":"fr-FR","@id":"https:\/\/radolfzell-musikschule.de\/fr\/#primaryimage","url":"https:\/\/radolfzell-musikschule.de\/wp-content\/uploads\/sites\/3\/2019\/06\/VDM-logo-250x44.png","contentUrl":"https:\/\/radolfzell-musikschule.de\/wp-content\/uploads\/sites\/3\/2019\/06\/VDM-logo-250x44.png"},{"@type":"BreadcrumbList","@id":"https:\/\/radolfzell-musikschule.de\/fr\/#breadcrumb","itemListElement":[{"@type":"ListItem","position":1,"name":"Startseite","item":"https:\/\/radolfzell-musikschule.de\/fr\/page-daccueil\/"},{"@type":"ListItem","position":2,"name":"Page d&#8217;accueil"}]},{"@type":"WebSite","@id":"https:\/\/radolfzell-musikschule.de\/fr\/#website","url":"https:\/\/radolfzell-musikschule.de\/fr\/","name":"Musikschule","description":"","potentialAction":[{"@type":"SearchAction","target":{"@type":"EntryPoint","urlTemplate":"https:\/\/radolfzell-musikschule.de\/fr\/?s={search_term_string}"},"query-input":{"@type":"PropertyValueSpecification","valueRequired":true,"valueName":"search_term_string"}}],"inLanguage":"fr-FR"}]}},"_links":{"self":[{"href":"https:\/\/radolfzell-musikschule.de\/fr\/wp-json\/wp\/v2\/pages\/7579","targetHints":{"allow":["GET"]}}],"collection":[{"href":"https:\/\/radolfzell-musikschule.de\/fr\/wp-json\/wp\/v2\/pages"}],"about":[{"href":"https:\/\/radolfzell-musikschule.de\/fr\/wp-json\/wp\/v2\/types\/page"}],"author":[{"embeddable":true,"href":"https:\/\/radolfzell-musikschule.de\/fr\/wp-json\/wp\/v2\/users\/1"}],"replies":[{"embeddable":true,"href":"https:\/\/radolfzell-musikschule.de\/fr\/wp-json\/wp\/v2\/comments?post=7579"}],"version-history":[{"count":32,"href":"https:\/\/radolfzell-musikschule.de\/fr\/wp-json\/wp\/v2\/pages\/7579\/revisions"}],"predecessor-version":[{"id":38036,"href":"https:\/\/radolfzell-musikschule.de\/fr\/wp-json\/wp\/v2\/pages\/7579\/revisions\/38036"}],"wp:attachment":[{"href":"https:\/\/radolfzell-musikschule.de\/fr\/wp-json\/wp\/v2\/media?parent=7579"}],"curies":[{"name":"wp","href":"https:\/\/api.w.org\/{rel}","templated":true}]}}